{"id":4523,"date":"2015-10-19T04:23:53","date_gmt":"2015-10-19T04:23:53","guid":{"rendered":"https:\/\/educationwp.thimpress.com\/?page_id=12"},"modified":"2023-11-02T08:51:58","modified_gmt":"2023-11-02T08:51:58","slug":"home","status":"publish","type":"page","link":"https:\/\/ipatc-ks.com\/","title":{"rendered":"Home"},"content":{"rendered":"<p>[vc_row full_width=&#8221;stretch_row_content_no_spaces&#8221;][vc_column][rev_slider_vc alias=&#8221;slider-1&#8243;][\/vc_column][\/vc_row][vc_row full_width=&#8221;stretch_row&#8221; el_class=&#8221;thim-best-industry&#8221; css=&#8221;.vc_custom_1638453459146{margin-right: -2px !important;margin-left: -2px !important;}&#8221;][vc_column width=&#8221;1\/3&#8243; css=&#8221;.vc_custom_1471791457305{margin-bottom: 30px !important;padding-right: 2px !important;padding-left: 2px !important;}&#8221;]<div class=\"thim-widget-icon-box\"><div class=\"wrapper-box-icon has_custom_image has_read_more  overlay \"   data-text-readmore=\"#ffb606\"><div class=\"smicon-box iconbox-left\"><div class=\"boxes-icon\" style=\"width: 135px;\"><a class=\"icon-box-link\" target=\"_self\" href=\"http:\/\/ipatc-ks.com\/?page_id=11555\"><span class=\"inner-icon\"><span class=\"icon icon-images\"><img src=\"https:\/\/ipatc-ks.com\/wp-content\/uploads\/2015\/10\/logo-top-1.png\" alt=\"logo-top-1\" title=\"logo-top-1\"  width=\"61\" height=\"52\"><\/span><\/span><\/a><\/div><div class=\"content-inner\"  style=\"width: calc( 100% - 135px - 15px);\"><div class=\"sc-heading article_heading\"><h3 class = \"heading__primary\" >Kurse t\u00eb plota nj\u00ebvje\u00e7are<\/h3><\/div><a class=\"smicon-read sc-btn\" target=\"_self\" href=\"http:\/\/ipatc-ks.com\/?page_id=11555\"  style=\"color: #ffb606;\" >View More<i class=\"fa fa-chevron-right\"><\/i><\/a><\/div><\/div><!--end smicon-box--><\/div><\/div>[\/vc_column][vc_column width=&#8221;1\/3&#8243; css=&#8221;.vc_custom_1471791466594{margin-bottom: 30px !important;padding-right: 2px !important;padding-left: 2px !important;}&#8221;]<div class=\"thim-widget-icon-box\"><div class=\"wrapper-box-icon has_custom_image has_read_more  overlay \"   data-text-readmore=\"#ffb606\"><div class=\"smicon-box iconbox-left\"><div class=\"boxes-icon\" style=\"width: 135px;\"><span class=\"inner-icon\"><span class=\"icon icon-images\"><img src=\"https:\/\/ipatc-ks.com\/wp-content\/uploads\/2015\/10\/logo-top-2.png\" alt=\"logo-top-2\" title=\"logo-top-2\"  width=\"66\" height=\"51\"><\/span><\/span><\/div><div class=\"content-inner\"  style=\"width: calc( 100% - 135px - 15px);\"><div class=\"sc-heading article_heading\"><h3 class = \"heading__primary\" >Informacion rreth kurseve.<\/h3><\/div><a class=\"smicon-read sc-btn\" target=\"_self\" href=\"http:\/\/ipatc-ks.com\/?page_id=11555\"  style=\"color: #ffb606;\" >View More<i class=\"fa fa-chevron-right\"><\/i><\/a><\/div><\/div><!--end smicon-box--><\/div><\/div>[\/vc_column][vc_column width=&#8221;1\/3&#8243; css=&#8221;.vc_custom_1471791487523{margin-bottom: 30px !important;padding-right: 2px !important;padding-left: 2px !important;}&#8221;]<div class=\"thim-widget-icon-box\"><div class=\"wrapper-box-icon has_custom_image has_read_more  overlay \"   data-text-readmore=\"#ffb606\"><div class=\"smicon-box iconbox-left\"><div class=\"boxes-icon\" style=\"width: 135px;\"><span class=\"inner-icon\"><span class=\"icon icon-images\"><img src=\"https:\/\/ipatc-ks.com\/wp-content\/uploads\/2015\/10\/logo-top-3.png\" alt=\"logo-top-3\" title=\"logo-top-3\"  width=\"59\" height=\"50\"><\/span><\/span><\/div><div class=\"content-inner\"  style=\"width: calc( 100% - 135px - 15px);\"><div class=\"sc-heading article_heading\"><h3 class = \"heading__primary\" >Filloni karrier\u00ebn tuaj<\/h3><\/div><a class=\"smicon-read sc-btn\" target=\"_self\" href=\"http:\/\/ipatc-ks.com\/?page_id=87\"  style=\"color: #ffb606;\" >View More<i class=\"fa fa-chevron-right\"><\/i><\/a><\/div><\/div><!--end smicon-box--><\/div><\/div>[\/vc_column][\/vc_row][vc_row css=&#8221;.vc_custom_1471791722105{margin-bottom: 100px !important;}&#8221;][vc_column]<div class=\"thim-widget-heading\"><div class=\"sc_heading clone_title  \"><h3 style=\"color:#dd0000;\" class=\"title\">KURSET TONA<\/h3><div class=\"clone\" style=\"color:#dd0000;\">KURSET TONA<\/div><span style=\"background-color:#e50000\" class=\"line\"><\/span><\/div><\/div>[vc_row_inner][vc_column_inner width=&#8221;1\/3&#8243;][vc_column_text]<img decoding=\"async\" loading=\"lazy\" class=\"alignnone size-medium wp-image-11578\" src=\"https:\/\/ipatc-ks.com\/wp-content\/uploads\/2023\/11\/Pasticer-scaled.jpg\" alt=\"\" width=\"400\" height=\"300\" \/><br \/>\n<a class=\"butonikurse\" href=\"http:\/\/ipatc-ks.com\/?page_id=11844\">PASTI\u00c7ER<\/a>[\/vc_column_text][\/vc_column_inner][vc_column_inner width=&#8221;1\/3&#8243;][vc_column_text]<img decoding=\"async\" loading=\"lazy\" class=\"alignnone size-medium wp-image-11578\" src=\"https:\/\/ipatc-ks.com\/wp-content\/uploads\/2023\/11\/Kuzhinier-scaled.jpg\" alt=\"\" width=\"400\" height=\"300\" \/><br \/>\n<a class=\"butonikurse\" href=\"http:\/\/ipatc-ks.com\/?page_id=11850\">KUZHINIER<\/a>[\/vc_column_text][\/vc_column_inner][vc_column_inner width=&#8221;1\/3&#8243;][vc_column_text]<img decoding=\"async\" loading=\"lazy\" class=\"alignnone size-medium wp-image-11578\" src=\"https:\/\/ipatc-ks.com\/wp-content\/uploads\/2023\/11\/Automekanik-scaled.jpg\" alt=\"\" width=\"400\" height=\"200\" \/><br \/>\n<a class=\"butonikurse\" href=\"http:\/\/ipatc-ks.com\/?page_id=11858\">AUTOMEKANIK<\/a>[\/vc_column_text][\/vc_column_inner][\/vc_row_inner][vc_row_inner][vc_column_inner width=&#8221;1\/3&#8243;][vc_column_text]<img decoding=\"async\" loading=\"lazy\" class=\"alignnone size-medium wp-image-11578\" src=\"https:\/\/ipatc-ks.com\/wp-content\/uploads\/2021\/12\/slide-5-menaxher-biznesi.png\" alt=\"\" width=\"400\" height=\"300\" \/><br \/>\n<a class=\"butonikurse\" href=\"https:\/\/ipatc-ks.com\/?page_id=11856\">MENAXHER BIZNESI<br \/>\n<\/a>[\/vc_column_text][\/vc_column_inner][vc_column_inner width=&#8221;1\/3&#8243;][vc_column_text]<img decoding=\"async\" loading=\"lazy\" class=\"alignnone size-medium wp-image-11578\" src=\"https:\/\/ipatc-ks.com\/wp-content\/uploads\/2021\/12\/slide-7-elektricist.png\" alt=\"\" width=\"400\" height=\"300\" \/><br \/>\n<a class=\"butonikurse\" href=\"https:\/\/ipatc-ks.com\/?page_id=11860\">ELEKTRICIST<\/a>[\/vc_column_text][\/vc_column_inner][vc_column_inner width=&#8221;1\/3&#8243;][vc_column_text]<img decoding=\"async\" loading=\"lazy\" class=\"alignnone size-medium wp-image-11578\" src=\"https:\/\/ipatc-ks.com\/wp-content\/uploads\/2021\/12\/hhidraulik-1.jpg\" alt=\"\" width=\"400\" height=\"200\" \/><br \/>\n<a class=\"butonikurse\" href=\"https:\/\/ipatc-ks.com\/?page_id=11862\">HIDRAULIK<\/a>[\/vc_column_text][\/vc_column_inner][\/vc_row_inner][vc_row_inner][vc_column_inner][vc_btn title=&#8221;Shiko T\u00eb Gjitha Kurset&#8221; style=&#8221;custom&#8221; custom_background=&#8221;#ed0000&#8243; custom_text=&#8221;#ffffff&#8221; shape=&#8221;square&#8221; align=&#8221;center&#8221; link=&#8221;url:http%3A%2F%2Fipatc-ks.com%2F%3Fpage_id%3D11555&#8243;][\/vc_column_inner][\/vc_row_inner][\/vc_column][\/vc_row][vc_row full_width=&#8221;stretch_row&#8221; parallax=&#8221;content-moving&#8221; parallax_image=&#8221;11682&#8243; parallax_speed_bg=&#8221;1.3&#8243; el_class=&#8221;thim-bg-overlay&#8221;][vc_column width=&#8221;1\/2&#8243;][vc_raw_html]JTNDZGl2JTIwY2xhc3MlM0QlMjJ0aGltLWdldC0xMDBzJTIyJTNFJTBBJTNDcCUyMGNsYXNzJTNEJTIyZ2V0LTEwMHMlMjIlM0VBQk9OT0hVTkklMjBOJUMzJThCJTIwS1VSU0VUJTIwVE9OQSUzQyUyRnAlM0UlMEElM0NwJTIwY2xhc3MlM0QlMjJnZXQtMTAwcyUyMiUzRUIlQzMlQUJodW5pJTIwcGplcyVDMyVBQiUyMGUlMjBJbnN0aXR1dGl0JTIwQVRDJTNDJTJGcCUzRSUwQSUwQSUzQyUyRmRpdiUzRQ==[\/vc_raw_html][\/vc_column][vc_column width=&#8221;1\/2&#8243;][vc_raw_html]JTNDZGl2JTIwY2xhc3MlM0QlMjJ0aGltLXJlZ2lzdGVyLW5vdy1mb3JtJTIyJTNFJTBBJTNDaDMlMjBjbGFzcyUzRCUyMnRpdGxlJTIyJTNFJTNDc3BhbiUzRSUzQ2gyJTIwc3R5bGUlM0QlMjJjb2xvciUzQXdoaXRlJTNCJTIyJTNFUmVnamlzdHJvaHUlMjBUYW5pJTIwJTNDJTJGaDIlM0UlM0MlMkZoMyUzRSUwQSU1QmNvbnRhY3QtZm9ybS03JTIwaWQlM0QlMjIxMjE4NiUyMiUyMHRpdGxlJTNEJTIyRCVDMyU4QlJHTyUyMEslQzMlOEJSS0VTJUMzJThCTiUyMiU1RCUwQSUzQyUyRmRpdiUzRQ==[\/vc_raw_html][\/vc_column][\/vc_row][vc_row][vc_column][vc_row_inner][vc_column_inner]<div class=\"thim-widget-heading\"><div class=\"sc_heading   \"><h3 class=\"title\">Eventet<\/h3><p class=\"sub-heading\" style=\"\">Ngjarjet e ardhshme arsimore p\u00ebr t\u00eb Zhvilluar aft\u00ebsit\u00eb tuaja.<\/p><\/div><\/div><div class=\"thim-list-event\">\t\t<div class=\"item-event post-11980 tp_event type-tp_event status-publish has-post-thumbnail hentry pmpro-has-access\">\n\t\t\t<div class=\"time-from\">\n\t\t\t\t\t\t\t\t<div class=\"date\">\n\t\t\t\t\t17\t\t\t\t<\/div>\n\t\t\t\t<div class=\"month\">\n\t\t\t\t\tNovember\t\t\t\t<\/div>\n\t\t\t\t\t\t\t<\/div>\n\t\t\t<div class=\"image\"><img src=\"https:\/\/ipatc-ks.com\/wp-content\/uploads\/2021\/12\/DSC_0366-scaled-450x233.jpg\" alt=\"DSC_0366\" title=\"DSC_0366\"  width=\"450\" height=\"233\"><\/div>\t\t\t<div class=\"event-wrapper\">\n\t\t\t\t<h5 class=\"title\">\n\t\t\t\t\t<a href=\"https:\/\/ipatc-ks.com\/?tp_event=food-safety&#038;lang=en\"> Food Safety<\/a>\n\t\t\t\t<\/h5>\n\n\t\t\t\t<div class=\"meta\">\n\t\t\t\t\t<div class=\"time\">\n\t\t\t\t\t\t<i class=\"fa fa-clock-o\"><\/i>\n\t\t\t\t\t\t12:00 am - 12:00 am\t\t\t\t\t<\/div>\n\t\t\t\t\t<div class=\"location\">\n\t\t\t\t\t\t<i class=\"fa fa-map-marker\"><\/i>\n\t\t\t\t\t\t\t\t\t\t\t<\/div>\n\t\t\t\t<\/div>\n\t\t\t\t<div class=\"description\">\n\t\t\t\t\t<p>Atc Professional Institute in cooperation with the French Embassy in Kosovo, holds a professional conference on &#8220;Food Safety&#8221;<\/p>\t\t\t\t<\/div>\n\t\t\t<\/div>\n\t\t<\/div>\n\t\t<\/div>[\/vc_column_inner][\/vc_row_inner][\/vc_column][\/vc_row][vc_row full_width=&#8221;stretch_row&#8221; parallax=&#8221;content-moving&#8221; parallax_image=&#8221;5854&#8243; parallax_speed_bg=&#8221;1.3&#8243; el_class=&#8221;thim-bg-overlay&#8221; css=&#8221;.vc_custom_1471016167480{padding-top: 30px !important;padding-bottom: 85px !important;}&#8221;][vc_column][vc_row_inner][vc_column_inner]<div class=\"thim-widget-heading\"><div class=\"sc_heading   \"><h3 style=\"color:#ffffff;\" class=\"title\">Lajmet e Fundit<\/h3><p class=\"sub-heading\" style=\"color:#ffffff;\">Lajmet e arsimit n\u00eb t\u00eb gjith\u00eb bot\u00ebn.<\/p><\/div><\/div>[\/vc_column_inner][\/vc_row_inner]<div class=\"thim-widget-carousel-post\">\t<div class=\"thim-owl-carousel-post thim-carousel-wrapper\" data-visible=\"3\"\n\t     data-pagination=\"0\" data-navigation=\"1\" data-autoplay=\"0\">\n\t\t\t\t\t<div class=\"item\">\n\t\t\t\t\t\t\t\t<div class=\"image\">\n\t\t\t\t\t<a href=\"https:\/\/ipatc-ks.com\/?p=11780\">\n\t\t\t\t\t\t<img src=\"https:\/\/ipatc-ks.com\/wp-content\/uploads\/2021\/11\/menaxher-marketingu-3-450x267.jpg\" alt=\"Sistemi i njohur europian, \u00e7el\u00ebsi i suksesit t\u00eb ATC\" title=\"menaxher-marketingu-3\"  width=\"450\" height=\"267\">\t\t\t\t\t<\/a>\n\t\t\t\t<\/div>\n\t\t\t\t<div class=\"content\">\n\t\t\t\t\t<div class=\"info\">\n\t\t\t\t\t\t<div class=\"author\">\n\t\t\t\t\t\t\t<span>atc<\/span>\t\t\t\t\t\t<\/div>\n\t\t\t\t\t\t<div class=\"date\">\n\t\t\t\t\t\t\tDecember 2, 2021\t\t\t\t\t\t<\/div>\n\t\t\t\t\t<\/div>\n\t\t\t\t\t<h4 class=\"title\">\n\t\t\t\t\t\t<a href=\"https:\/\/ipatc-ks.com\/?p=11780\">Sistemi i njohur europian, \u00e7el\u00ebsi i suksesit t\u00eb ATC<\/a>\n\t\t\t\t\t<\/h4>\n\t\t\t\t<\/div>\n\t\t\t<\/div>\n\t\t\t\t\t\t<div class=\"item\">\n\t\t\t\t\t\t\t\t<div class=\"image\">\n\t\t\t\t\t<a href=\"https:\/\/ipatc-ks.com\/?p=11989&#038;lang=en\">\n\t\t\t\t\t\t<img src=\"https:\/\/ipatc-ks.com\/wp-content\/uploads\/2021\/12\/DSC02801-scaled-1-450x267.jpg\" alt=\"3 valuable lessons I learned during the cooking course at ATC\" title=\"DSC02801-scaled\"  width=\"450\" height=\"267\">\t\t\t\t\t<\/a>\n\t\t\t\t<\/div>\n\t\t\t\t<div class=\"content\">\n\t\t\t\t\t<div class=\"info\">\n\t\t\t\t\t\t<div class=\"author\">\n\t\t\t\t\t\t\t<span>atc<\/span>\t\t\t\t\t\t<\/div>\n\t\t\t\t\t\t<div class=\"date\">\n\t\t\t\t\t\t\tDecember 3, 2021\t\t\t\t\t\t<\/div>\n\t\t\t\t\t<\/div>\n\t\t\t\t\t<h4 class=\"title\">\n\t\t\t\t\t\t<a href=\"https:\/\/ipatc-ks.com\/?p=11989&#038;lang=en\">3 valuable lessons I learned during the cooking course at ATC<\/a>\n\t\t\t\t\t<\/h4>\n\t\t\t\t<\/div>\n\t\t\t<\/div>\n\t\t\t\t\t\t<div class=\"item\">\n\t\t\t\t\t\t\t\t<div class=\"image\">\n\t\t\t\t\t<a href=\"https:\/\/ipatc-ks.com\/?p=11773\">\n\t\t\t\t\t\t<img src=\"https:\/\/ipatc-ks.com\/wp-content\/uploads\/2021\/12\/DSC02801-scaled-1-450x267.jpg\" alt=\"3 m\u00ebsime t\u00eb vyera q\u00eb kuptova gjat\u00eb kursit t\u00eb kuzhin\u00ebs n\u00eb ATC\" title=\"DSC02801-scaled\"  width=\"450\" height=\"267\">\t\t\t\t\t<\/a>\n\t\t\t\t<\/div>\n\t\t\t\t<div class=\"content\">\n\t\t\t\t\t<div class=\"info\">\n\t\t\t\t\t\t<div class=\"author\">\n\t\t\t\t\t\t\t<span>atc<\/span>\t\t\t\t\t\t<\/div>\n\t\t\t\t\t\t<div class=\"date\">\n\t\t\t\t\t\t\tDecember 2, 2021\t\t\t\t\t\t<\/div>\n\t\t\t\t\t<\/div>\n\t\t\t\t\t<h4 class=\"title\">\n\t\t\t\t\t\t<a href=\"https:\/\/ipatc-ks.com\/?p=11773\">3 m\u00ebsime t\u00eb vyera q\u00eb kuptova gjat\u00eb kursit t\u00eb kuzhin\u00ebs n\u00eb ATC<\/a>\n\t\t\t\t\t<\/h4>\n\t\t\t\t<\/div>\n\t\t\t<\/div>\n\t\t\t\t\t\t<div class=\"item\">\n\t\t\t\t\t\t\t\t<div class=\"image\">\n\t\t\t\t\t<a href=\"https:\/\/ipatc-ks.com\/?p=11982&#038;lang=en\">\n\t\t\t\t\t\t<img src=\"https:\/\/ipatc-ks.com\/wp-content\/uploads\/2021\/12\/ATC04770-scaled-1-450x267.jpg\" alt=\"The pandemic did not stop the teaching process in classrooms and laboratories.\" title=\"ATC04770-scaled\"  width=\"450\" height=\"267\">\t\t\t\t\t<\/a>\n\t\t\t\t<\/div>\n\t\t\t\t<div class=\"content\">\n\t\t\t\t\t<div class=\"info\">\n\t\t\t\t\t\t<div class=\"author\">\n\t\t\t\t\t\t\t<span>atc<\/span>\t\t\t\t\t\t<\/div>\n\t\t\t\t\t\t<div class=\"date\">\n\t\t\t\t\t\t\tDecember 3, 2021\t\t\t\t\t\t<\/div>\n\t\t\t\t\t<\/div>\n\t\t\t\t\t<h4 class=\"title\">\n\t\t\t\t\t\t<a href=\"https:\/\/ipatc-ks.com\/?p=11982&#038;lang=en\">The pandemic did not stop the teaching process in classrooms and laboratories.<\/a>\n\t\t\t\t\t<\/h4>\n\t\t\t\t<\/div>\n\t\t\t<\/div>\n\t\t\t\t<\/div>\n\n\t<\/div>[\/vc_column][\/vc_row][vc_row][vc_column][vc_row_inner][vc_column_inner]<div class=\"thim-widget-heading\"><div class=\"sc_heading   text-center\"><h3 class=\"title\">\u00c7far\u00eb thon\u00eb Student\u00ebt<\/h3><p class=\"sub-heading\" style=\"\">Opinioni i student\u00ebve t\u00eb cil\u00ebt kan\u00eb mbaruar studimet tek ne.<\/p><\/div><\/div>[\/vc_column_inner][\/vc_row_inner]<div class=\"thim-widget-testimonials\"><div class=\"thim-testimonial-slider layout-slide-2 image-bottom\" data-activepadding=\"-45\" data-ratio=\"1\" data-width=\"60\" data-time=\"5000\" data-visible=\"1\" data-auto=\"1\" data-mousewheel=\"0\"><div class=\"item\"><div class=\"content\"><div class=\"description\">\"Thank you from the bottom of my heart for every lesson we received from the ATC Institute. I had an experience that can never be forgotten and above all it gave me the opportunity to work in the craft of Cuisine \"<\/div><h3 class=\"title\">_Salbi Panci,<\/h3><div class=\"regency\">Student Kuzhine<\/div><\/div><\/div><div class=\"item\"><div class=\"content\"><div class=\"description\">The best institute where everything is perfect, starting with the professors and laboratories. I was very pleased, it was something very valuable to me. Get the profession from professionals!<\/div><h3 class=\"title\">_Gentjan Ranxha,<\/h3><div class=\"regency\">Student<\/div><\/div><\/div><div class=\"item\"><div class=\"content\"><div class=\"description\">ATC, an excellent institute with excellent teaching.\r\nYou are the best and an excellent institute for people looking for a profession.<\/div><h3 class=\"title\">_Lorenc Alia,<\/h3><div class=\"regency\">Student<\/div><\/div><\/div><div class=\"item\"><div class=\"content\"><div class=\"description\">ATC, nj\u00eb institut i shk\u00eblqyer me nj\u00eb m\u00ebsimdh\u00ebnie t\u00eb shk\u00eblqyer.\r\nJeni m\u00eb t\u00eb mir\u00ebt dhe nj\u00eb institut i shk\u00eblqyer p\u00ebr njerzit q\u00eb k\u00ebrkojn\u00eb profesion.<\/div><h3 class=\"title\">_Lorenc Atia,<\/h3><div class=\"regency\">Student<\/div><\/div><\/div><div class=\"item\"><div class=\"content\"><div class=\"description\">Instituti m\u00eb i mir\u00eb ku gjithcka \u00ebsht\u00eb perfekte, duke nisur nga profesor\u00ebt te laboratoret. Un\u00eb kam mbetur shum\u00eb i k\u00ebnaqur, ishte dicka shum\u00eb e vlefshme p\u00ebr mua. Merreni profesionin nga profesionist\u00ebt!<\/div><h3 class=\"title\">_Gentjan Ranxha,<\/h3><div class=\"regency\">Student<\/div><\/div><div class=\"image\"><img src=\"https:\/\/ipatc-ks.com\/wp-content\/uploads\/2015\/11\/manuel.jpg\" alt=\"manuel\" title=\"manuel\"  width=\"100\" height=\"100\"><\/div><\/div><div class=\"item\"><div class=\"content\"><div class=\"description\">\u201c Ju falenderoj nga zemra p\u00ebr cdo m\u00ebsim q\u00eb mor\u00ebm nga Insituti ATC. Kam kaluar nj\u00eb eksperienc\u00eb q\u00eb nuk mund t\u00eb harrohet kurre dhe mbi te gjitha m\u00eb dhat\u00eb mund\u00ebsine q\u00eb un\u00eb t\u00eb punoj n\u00eb zanatin e Kuzhin\u00ebs dhe gjith\u00eb kjo fal\u00eb ATC. Ju faleminderit edhe njehere! Jeni m\u00eb t\u00eb mir\u00ebt! \u201d<\/div><h3 class=\"title\">_Salbi Panci,<\/h3><div class=\"regency\">Student Kuzhine<\/div><\/div><\/div><\/div>\n\n<\/div>[\/vc_column][\/vc_row][vc_row css=&#8221;.vc_custom_1471015026798{margin-bottom: 0px !important;}&#8221;][vc_column][vc_column_text]<\/p>\n<div class=\"thim-newlleter-homepage\">\n<p class=\"description\"><script>(function() {\n\twindow.mc4wp = window.mc4wp || {\n\t\tlisteners: [],\n\t\tforms: {\n\t\t\ton: function(evt, cb) {\n\t\t\t\twindow.mc4wp.listeners.push(\n\t\t\t\t\t{\n\t\t\t\t\t\tevent   : evt,\n\t\t\t\t\t\tcallback: cb\n\t\t\t\t\t}\n\t\t\t\t);\n\t\t\t}\n\t\t}\n\t}\n})();\n<\/script><!-- Mailchimp for WordPress v4.8.6 - https:\/\/wordpress.org\/plugins\/mailchimp-for-wp\/ --><form id=\"mc4wp-form-1\" class=\"mc4wp-form mc4wp-form-3101 mc4wp-form-basic\" method=\"post\" data-id=\"3101\" data-name=\"Default sign-up form\" ><div class=\"mc4wp-form-fields\"><input type=\"email\" id=\"mc4wp_email\" name=\"EMAIL\" placeholder=\"Your email here\" required \/><input type=\"submit\" value=\"Subscribe\" \/><\/div><label style=\"display: none !important;\">Leave this field empty if you're human: <input type=\"text\" name=\"_mc4wp_honeypot\" value=\"\" tabindex=\"-1\" autocomplete=\"off\" \/><\/label><input type=\"hidden\" name=\"_mc4wp_timestamp\" value=\"1777725228\" \/><input type=\"hidden\" name=\"_mc4wp_form_id\" value=\"3101\" \/><input type=\"hidden\" name=\"_mc4wp_form_element_id\" value=\"mc4wp-form-1\" \/><div class=\"mc4wp-response\"><\/div><\/form><!-- \/ Mailchimp for WordPress Plugin --><\/p>\n<\/div>\n<p>[\/vc_column_text][\/vc_column][\/vc_row]<\/p>\n","protected":false},"excerpt":{"rendered":"<p>[vc_row full_width=&#8221;stretch_row_content_no_spaces&#8221;][vc_column][rev_slider_vc alias=&#8221;slider-1&#8243;][\/vc_column][\/vc_row][vc_row full_width=&#8221;stretch_row&#8221; el_class=&#8221;thim-best-industry&#8221; css=&#8221;.vc_custom_1638453459146{margin-right: -2px !important;margin-left: -2px !important;}&#8221;][vc_column width=&#8221;1\/3&#8243; css=&#8221;.vc_custom_1471791457305{margin-bottom: 30px !important;padding-right: 2px !important;padding-left: 2px !important;}&#8221;][\/vc_column][vc_column width=&#8221;1\/3&#8243; css=&#8221;.vc_custom_1471791466594{margin-bottom: 30px !important;padding-right: 2px !important;padding-left: 2px !important;}&#8221;][\/vc_column][vc_column width=&#8221;1\/3&#8243; css=&#8221;.vc_custom_1471791487523{margin-bottom: 30px !important;padding-right: 2px !important;padding-left: 2px !important;}&#8221;][\/vc_column][\/vc_row][vc_row css=&#8221;.vc_custom_1471791722105{margin-bottom: 100px !important;}&#8221;][vc_column][vc_row_inner][vc_column_inner width=&#8221;1\/3&#8243;][vc_column_text] PASTI\u00c7ER[\/vc_column_text][\/vc_column_inner][vc_column_inner width=&#8221;1\/3&#8243;][vc_column_text] &hellip; <\/p>\n","protected":false},"author":1,"featured_media":0,"parent":0,"menu_order":0,"comment_status":"closed","ping_status":"closed","template":"page-templates\/homepage.php","meta":{"_bbp_topic_count":0,"_bbp_reply_count":0,"_bbp_total_topic_count":0,"_bbp_total_reply_count":0,"_bbp_voice_count":0,"_bbp_anonymous_reply_count":0,"_bbp_topic_count_hidden":0,"_bbp_reply_count_hidden":0,"_bbp_forum_subforum_count":0,"om_disable_all_campaigns":false,"pmpro_default_level":0,"_monsterinsights_skip_tracking":false,"_monsterinsights_sitenote_active":false,"_monsterinsights_sitenote_note":"","_monsterinsights_sitenote_category":0},"_links":{"self":[{"href":"https:\/\/ipatc-ks.com\/index.php?rest_route=\/wp\/v2\/pages\/4523"}],"collection":[{"href":"https:\/\/ipatc-ks.com\/index.php?rest_route=\/wp\/v2\/pages"}],"about":[{"href":"https:\/\/ipatc-ks.com\/index.php?rest_route=\/wp\/v2\/types\/page"}],"author":[{"embeddable":true,"href":"https:\/\/ipatc-ks.com\/index.php?rest_route=\/wp\/v2\/users\/1"}],"replies":[{"embeddable":true,"href":"https:\/\/ipatc-ks.com\/index.php?rest_route=%2Fwp%2Fv2%2Fcomments&post=4523"}],"version-history":[{"count":71,"href":"https:\/\/ipatc-ks.com\/index.php?rest_route=\/wp\/v2\/pages\/4523\/revisions"}],"predecessor-version":[{"id":12288,"href":"https:\/\/ipatc-ks.com\/index.php?rest_route=\/wp\/v2\/pages\/4523\/revisions\/12288"}],"wp:attachment":[{"href":"https:\/\/ipatc-ks.com\/index.php?rest_route=%2Fwp%2Fv2%2Fmedia&parent=4523"}],"curies":[{"name":"wp","href":"https:\/\/api.w.org\/{rel}","templated":true}]}}