{"id":11938,"date":"2021-12-03T10:14:22","date_gmt":"2021-12-03T10:14:22","guid":{"rendered":"http:\/\/ipatc-ks.com\/?page_id=11938"},"modified":"2022-01-18T12:45:17","modified_gmt":"2022-01-18T12:45:17","slug":"articles","status":"publish","type":"page","link":"https:\/\/ipatc-ks.com\/?page_id=11938&lang=en","title":{"rendered":"Articles"},"content":{"rendered":"<p>[vc_row][vc_column width=&#8221;1\/6&#8243;][\/vc_column][vc_column width=&#8221;2\/3&#8243;]<div class=\"thim-widget-list-post\"><div class=\"thim-list-post-inner\"><div class=\"thim-grid-posts has-horizontal\"><div class=\"grid-horizontal\">\t\t\t<div class=\"item-post post-11773 post type-post status-publish format-standard has-post-thumbnail hentry category-artikuj pmpro-has-access\">\n\t\t\t\t<div class=\"article-image\"><img src=\"https:\/\/ipatc-ks.com\/wp-content\/uploads\/2021\/12\/DSC02801-scaled-1-300x300.jpg\" alt=\"DSC02801-scaled\" title=\"DSC02801-scaled\"  width=\"300\" height=\"300\"><\/div><div class=\"article-wrapper\"><div class=\"date\">December 2, 2021<\/div><h5 class=\"title\"><a href=\"https:\/\/ipatc-ks.com\/?p=11773\" class=\"article-title\">3 m\u00ebsime t\u00eb vyera q\u00eb kuptova gjat\u00eb kursit t\u00eb kuzhin\u00ebs n\u00eb ATC<\/a><\/h5><div class=\"desc\"><p>Gjat\u00eb procesit t\u00eb mjesht\u00ebrimit t\u00eb kuzhin\u00ebs m\u00ebson shum\u00eb dhe jo vet\u00ebm p\u00ebr...<\/p><\/div><a class=\"read-more\" href=\"https:\/\/ipatc-ks.com\/?p=11773\" >Read More<i class=\"fa fa-long-arrow-right\"><\/i><\/a><\/div>\t\t\t<\/div>\n\t\t\t\t\t\t<div class=\"item-post post-11780 post type-post status-publish format-standard has-post-thumbnail hentry category-artikuj pmpro-has-access\">\n\t\t\t\t<div class=\"article-image\"><img src=\"https:\/\/ipatc-ks.com\/wp-content\/uploads\/2021\/11\/menaxher-marketingu-3-300x300.jpg\" alt=\"menaxher-marketingu-3\" title=\"menaxher-marketingu-3\"  width=\"300\" height=\"300\"><\/div><div class=\"article-wrapper\"><div class=\"date\">December 2, 2021<\/div><h5 class=\"title\"><a href=\"https:\/\/ipatc-ks.com\/?p=11780\" class=\"article-title\">Sistemi i njohur europian, \u00e7el\u00ebsi i suksesit t\u00eb ATC<\/a><\/h5><div class=\"desc\"><p>\u201cNjohurit\u00eb nuk kan\u00eb asnj\u00eb vler\u00eb n\u00eb rast se nuk i vendosni n\u00eb...<\/p><\/div><a class=\"read-more\" href=\"https:\/\/ipatc-ks.com\/?p=11780\" >Read More<i class=\"fa fa-long-arrow-right\"><\/i><\/a><\/div>\t\t\t<\/div>\n\t\t\t\t\t\t<div class=\"item-post post-11789 post type-post status-publish format-standard has-post-thumbnail hentry category-artikuj pmpro-has-access\">\n\t\t\t\t<div class=\"article-image\"><img src=\"https:\/\/ipatc-ks.com\/wp-content\/uploads\/2021\/12\/ATC04770-scaled-1-300x300.jpg\" alt=\"ATC04770-scaled\" title=\"ATC04770-scaled\"  width=\"300\" height=\"300\"><\/div><div class=\"article-wrapper\"><div class=\"date\">December 2, 2021<\/div><h5 class=\"title\"><a href=\"https:\/\/ipatc-ks.com\/?p=11789\" class=\"article-title\">Pandemia nuk e ndali procesin m\u00ebsimor n\u00eb klasa dhe laborator\u00eb.<\/a><\/h5><div class=\"desc\"><p>Pandemia e Covid-19 sfidoi institucionet arsimore duke shkaktuar nj\u00eb situat\u00eb t\u00eb pazakont\u00eb,...<\/p><\/div><a class=\"read-more\" href=\"https:\/\/ipatc-ks.com\/?p=11789\" >Read More<i class=\"fa fa-long-arrow-right\"><\/i><\/a><\/div>\t\t\t<\/div>\n\t\t\t<\/div><\/div><\/div><\/div>[\/vc_column][vc_column width=&#8221;1\/6&#8243;][\/vc_column][\/vc_row]<\/p>\n","protected":false},"excerpt":{"rendered":"<p>[vc_row][vc_column width=&#8221;1\/6&#8243;][\/vc_column][vc_column width=&#8221;2\/3&#8243;][\/vc_column][vc_column width=&#8221;1\/6&#8243;][\/vc_column][\/vc_row]<\/p>\n","protected":false},"author":1,"featured_media":0,"parent":0,"menu_order":0,"comment_status":"closed","ping_status":"closed","template":"","meta":{"_bbp_topic_count":0,"_bbp_reply_count":0,"_bbp_total_topic_count":0,"_bbp_total_reply_count":0,"_bbp_voice_count":0,"_bbp_anonymous_reply_count":0,"_bbp_topic_count_hidden":0,"_bbp_reply_count_hidden":0,"_bbp_forum_subforum_count":0,"om_disable_all_campaigns":false,"pmpro_default_level":0,"_monsterinsights_skip_tracking":false,"_monsterinsights_sitenote_active":false,"_monsterinsights_sitenote_note":"","_monsterinsights_sitenote_category":0},"_links":{"self":[{"href":"https:\/\/ipatc-ks.com\/index.php?rest_route=\/wp\/v2\/pages\/11938"}],"collection":[{"href":"https:\/\/ipatc-ks.com\/index.php?rest_route=\/wp\/v2\/pages"}],"about":[{"href":"https:\/\/ipatc-ks.com\/index.php?rest_route=\/wp\/v2\/types\/page"}],"author":[{"embeddable":true,"href":"https:\/\/ipatc-ks.com\/index.php?rest_route=\/wp\/v2\/users\/1"}],"replies":[{"embeddable":true,"href":"https:\/\/ipatc-ks.com\/index.php?rest_route=%2Fwp%2Fv2%2Fcomments&post=11938"}],"version-history":[{"count":2,"href":"https:\/\/ipatc-ks.com\/index.php?rest_route=\/wp\/v2\/pages\/11938\/revisions"}],"predecessor-version":[{"id":12163,"href":"https:\/\/ipatc-ks.com\/index.php?rest_route=\/wp\/v2\/pages\/11938\/revisions\/12163"}],"wp:attachment":[{"href":"https:\/\/ipatc-ks.com\/index.php?rest_route=%2Fwp%2Fv2%2Fmedia&parent=11938"}],"curies":[{"name":"wp","href":"https:\/\/api.w.org\/{rel}","templated":true}]}}