{"id":11908,"date":"2021-12-03T08:42:15","date_gmt":"2021-12-03T08:42:15","guid":{"rendered":"http:\/\/ipatc-ks.com\/?page_id=11908"},"modified":"2021-12-03T08:45:45","modified_gmt":"2021-12-03T08:45:45","slug":"eipass-web","status":"publish","type":"page","link":"https:\/\/ipatc-ks.com\/?page_id=11908","title":{"rendered":"EIPASS WEB"},"content":{"rendered":"<p><img decoding=\"async\" loading=\"lazy\" class=\"aligncenter wp-image-11912\" src=\"http:\/\/ipatc-ks.com\/wp-content\/uploads\/2021\/12\/eipass_web.jpg\" alt=\"\" width=\"696\" height=\"464\" srcset=\"https:\/\/ipatc-ks.com\/wp-content\/uploads\/2021\/12\/eipass_web.jpg 420w, https:\/\/ipatc-ks.com\/wp-content\/uploads\/2021\/12\/eipass_web-300x200.jpg 300w\" sizes=\"(max-width: 696px) 100vw, 696px\" \/><\/p>\n<p>Certifikimi EIPASS Web certifikon zot\u00ebrimin e aft\u00ebsive t\u00eb nevojshme p\u00ebr t\u00eb dizajnuar, zhvilluar dhe menaxhuar faqet e internetit, p\u00ebrmes WordPress, CMS me burim t\u00eb hapur m\u00eb t\u00eb p\u00ebrhapur me licenc\u00eb falas n\u00eb bot\u00eb. P\u00ebrve\u00e7 k\u00ebsaj, programi shqyrton funksionet p\u00ebr menaxhimin e optimizimit t\u00eb motor\u00ebve t\u00eb k\u00ebrkimit, rregullat p\u00ebr p\u00ebrdorimin korrekt t\u00eb rrjeteve sociale m\u00eb t\u00eb njohura n\u00eb Itali dhe teknikat p\u00ebr t\u00eb b\u00ebr\u00eb biznes me Facebook.<\/p>\n<p>Sot, nj\u00eb faqe interneti e mir\u00eb \u00ebsht\u00eb, si p\u00ebr nj\u00eb profesionist t\u00eb pavarur, ashtu edhe p\u00ebr nj\u00eb kompani, e para dhe m\u00eb e r\u00ebnd\u00ebsishmja midis kartave t\u00eb biznesit. P\u00ebr k\u00ebt\u00eb \u00ebsht\u00eb e nevojshme q\u00eb informacioni t\u00eb organizohet n\u00eb m\u00ebnyr\u00eb organike dhe \u201ckomunikative\u201d; p\u00ebrndryshe, \u00ebsht\u00eb e leht\u00eb p\u00ebr Vizitorin, n\u00eb vend q\u00eb t\u00eb drejtohet, t\u00eb hutohet, shp\u00ebrqendrohet ose \u00e7orientohet: n\u00eb raste t\u00eb tilla, komunikimi nuk \u00ebsht\u00eb efektiv dhe instrumenti nuk i arrin q\u00ebllimet e tij.<\/p>\n<p>Dizajnimi dhe menaxhimi i nj\u00eb faqe interneti nuk \u00ebsht\u00eb thjesht nj\u00eb aktivitet stimulues dhe produktiv: n\u00ebse \u00ebsht\u00eb i plot\u00eb dhe i arsyetuar, ai mund t\u00eb b\u00ebhet nj\u00eb nga pun\u00ebt m\u00eb moderne dhe n\u00eb zhvillim.<\/p>\n<p>Arritja e certifikimit EIPASS WEB v\u00ebrteton zot\u00ebrimin e sigurt t\u00eb aft\u00ebsive dhe aft\u00ebsive q\u00eb pasurojn\u00eb materialisht biografin\u00eb.<\/p>\n<p>Sepse ne rekomandojm\u00eb EIPASS WEB edhe n\u00eb shkoll\u00eb<br \/>\nKrijimi dhe promovimi i p\u00ebrmbajtjes s\u00eb internetit jan\u00eb aktivitete q\u00eb mund t\u00eb ken\u00eb nj\u00eb kuptim t\u00eb fort\u00eb edukativ dhe pedagogjik: zgjedhja e nj\u00eb teme, shkrimi i p\u00ebrmbajtjes, dizajnimi i nj\u00eb ekspozite, menaxhimi i saj dhe promovimi i saj duke ndjekur parimet e korrekt\u00ebsis\u00eb, etik\u00ebs dhe besnik\u00ebris\u00eb n\u00eb internet jan\u00eb t\u00eb gjitha aktivitete q\u00eb mund t\u00eb rezultoj\u00eb shum\u00eb i dobish\u00ebm p\u00ebr rritjen personale t\u00eb nx\u00ebn\u00ebsve nga 16 deri n\u00eb 18 vje\u00e7. Eksperiencat e k\u00ebtij lloji kan\u00eb dh\u00ebn\u00eb tashm\u00eb rezultate t\u00eb shk\u00eblqyera n\u00eb shum\u00eb raste dhe po adoptohen gjithnj\u00eb e m\u00eb shum\u00eb n\u00eb shkolla t\u00eb hapura ndaj metodologjive t\u00eb reja dhe qasjeve t\u00eb reja t\u00eb m\u00ebsimdh\u00ebnies.<\/p>\n<p>Nj\u00eb nga \u00e7\u00ebshtjet n\u00eb qend\u00ebr t\u00eb konsultimit publik La buonaScuola, t\u00eb promovuar nga Kryeministri, \u00ebsht\u00eb n\u00eb fakt njohja e kompjuterit e nx\u00ebn\u00ebsve t\u00eb t\u00eb gjitha klasave. P\u00ebr shkoll\u00ebn e mesme, tashm\u00eb jan\u00eb parashikuar veprime q\u00eb synojn\u00eb aft\u00ebsimin e student\u00ebve si \u201cDigital Makers\u201d, si operator\u00eb, pra q\u00eb njohin bazat e kodimit dhe din\u00eb t\u00eb menaxhojn\u00eb nj\u00eb faqe interneti.<\/p>\n<p>N\u00eb prezantimin e dokumentit t\u00eb qeveris\u00eb lexojm\u00eb:<\/p>\n<p>\u201cShkolla ka p\u00ebr detyr\u00eb t\u00eb stimuloj\u00eb f\u00ebmij\u00ebt t\u00eb kuptojn\u00eb dixhitalin p\u00ebrtej sip\u00ebrfaqes, t\u00eb mos kufizohen n\u00eb t\u00eb qenit \u201ckonsumator\u00eb dixhital\u00eb\u201d, t\u00eb mos mjaftohen me p\u00ebrdorimin e nj\u00eb faqe interneti, nj\u00eb aplikacioni, nj\u00eb videoloj\u00ebje, por t\u00eb dizajnojn\u00eb nj\u00eb t\u00eb till\u00eb. \u00c7do student duhet t\u00eb jet\u00eb n\u00eb gjendje t\u00eb ekspozohet ndaj p\u00ebrvojave t\u00eb krijimtaris\u00eb dhe t\u00eb fitoj\u00eb vet\u00ebdije kritike p\u00ebr dixhitalin (p.sh. t\u00eb m\u00ebsoj\u00eb t\u00eb p\u00ebrdor\u00eb t\u00eb dh\u00ebna t\u00eb hapura p\u00ebr t\u00eb treguar histori, t\u00eb menaxhoj\u00eb privat\u00ebsin\u00eb dhe sigurin\u00eb n\u00eb rrjet, t\u00eb p\u00ebrdor\u00eb teknikat e printimit 3D). M\u00ebsuesit duhet t\u00eb ndihen t\u00eb gatsh\u00ebm t&#8217;i p\u00ebrdorin k\u00ebto p\u00ebrvoja dhe t&#8217;i integrojn\u00eb ato n\u00eb metodologjit\u00eb e tyre t\u00eb m\u00ebsimdh\u00ebnies.&#8221;<\/p>\n<p>Marr\u00ebsit<br \/>\nCertifikimi i EIPASS Web synon t\u00eb gjith\u00eb ata q\u00eb duan t\u00eb fitojn\u00eb aft\u00ebsi fillestare p\u00ebr t\u00eb operuar n\u00eb k\u00ebt\u00eb sektor, duke u marr\u00eb tashm\u00eb me element\u00eb kolateral dhe plot\u00ebsues t\u00eb krijimit t\u00eb vet\u00eb faqes s\u00eb internetit, p\u00ebr t\u00eb rritur profesionalizmin e tyre dhe p\u00ebr t\u00eb zgjeruar aft\u00ebsit\u00eb e tyre; le t\u00eb flasim p\u00ebr:<\/p>\n<p>dizajner\u00ebt grafik\u00eb q\u00eb kujdesen p\u00ebr ta b\u00ebr\u00eb p\u00ebrmbajtjen n\u00eb internet miq\u00ebsore dhe interesante nga pik\u00ebpamja estetike,<br \/>\nweb designers q\u00eb merren me dizajnin grafik t\u00eb faqeve t\u00eb internetit dhe produkteve multimediale,<br \/>\np\u00ebrmbajtje n\u00eb internet, ekspert\u00eb n\u00eb krijimin e p\u00ebrmbajtjes,<br \/>\nkurator\u00eb t\u00eb p\u00ebrmbajtjes, p\u00ebrzgjedh\u00ebs dhe grumbullues t\u00eb burimeve dhe lajmeve,<br \/>\np\u00ebrkthyes t\u00eb cil\u00ebt kujdesen p\u00ebr terminologjin\u00eb dhe stilin e versioneve n\u00eb gjuh\u00eb t\u00eb tjera t\u00eb faqeve q\u00eb kan\u00eb t\u00eb b\u00ebjn\u00eb me organizata ose kompani nd\u00ebrkomb\u00ebtare.<\/p>\n<p><a class=\"butonikurse\" href=\"http:\/\/ipatc-ks.com\/wp-content\/uploads\/2021\/12\/Programma-analitico-web.pdf\">Pogrami i Plot\u00eb<\/a><\/p>\n","protected":false},"excerpt":{"rendered":"<p>Certifikimi EIPASS Web certifikon zot\u00ebrimin e aft\u00ebsive t\u00eb nevojshme p\u00ebr t\u00eb dizajnuar, zhvilluar dhe menaxhuar faqet e internetit, p\u00ebrmes WordPress, CMS me burim t\u00eb hapur m\u00eb t\u00eb p\u00ebrhapur me licenc\u00eb falas n\u00eb bot\u00eb. P\u00ebrve\u00e7 k\u00ebsaj, programi shqyrton funksionet p\u00ebr menaxhimin &hellip; <\/p>\n","protected":false},"author":1,"featured_media":0,"parent":0,"menu_order":0,"comment_status":"closed","ping_status":"closed","template":"","meta":{"_bbp_topic_count":0,"_bbp_reply_count":0,"_bbp_total_topic_count":0,"_bbp_total_reply_count":0,"_bbp_voice_count":0,"_bbp_anonymous_reply_count":0,"_bbp_topic_count_hidden":0,"_bbp_reply_count_hidden":0,"_bbp_forum_subforum_count":0,"om_disable_all_campaigns":false,"pmpro_default_level":0,"_monsterinsights_skip_tracking":false,"_monsterinsights_sitenote_active":false,"_monsterinsights_sitenote_note":"","_monsterinsights_sitenote_category":0},"_links":{"self":[{"href":"https:\/\/ipatc-ks.com\/index.php?rest_route=\/wp\/v2\/pages\/11908"}],"collection":[{"href":"https:\/\/ipatc-ks.com\/index.php?rest_route=\/wp\/v2\/pages"}],"about":[{"href":"https:\/\/ipatc-ks.com\/index.php?rest_route=\/wp\/v2\/types\/page"}],"author":[{"embeddable":true,"href":"https:\/\/ipatc-ks.com\/index.php?rest_route=\/wp\/v2\/users\/1"}],"replies":[{"embeddable":true,"href":"https:\/\/ipatc-ks.com\/index.php?rest_route=%2Fwp%2Fv2%2Fcomments&post=11908"}],"version-history":[{"count":2,"href":"https:\/\/ipatc-ks.com\/index.php?rest_route=\/wp\/v2\/pages\/11908\/revisions"}],"predecessor-version":[{"id":11913,"href":"https:\/\/ipatc-ks.com\/index.php?rest_route=\/wp\/v2\/pages\/11908\/revisions\/11913"}],"wp:attachment":[{"href":"https:\/\/ipatc-ks.com\/index.php?rest_route=%2Fwp%2Fv2%2Fmedia&parent=11908"}],"curies":[{"name":"wp","href":"https:\/\/api.w.org\/{rel}","templated":true}]}}