{"id":11858,"date":"2021-12-02T16:14:02","date_gmt":"2021-12-02T16:14:02","guid":{"rendered":"http:\/\/ipatc-ks.com\/?page_id=11858"},"modified":"2021-12-02T16:51:32","modified_gmt":"2021-12-02T16:51:32","slug":"automekanik","status":"publish","type":"page","link":"https:\/\/ipatc-ks.com\/?page_id=11858","title":{"rendered":"Automekanik"},"content":{"rendered":"<p><img decoding=\"async\" loading=\"lazy\" class=\"aligncenter wp-image-11468\" src=\"http:\/\/ipatc-ks.com\/wp-content\/uploads\/2021\/07\/autoservis-1.jpg\" alt=\"\" width=\"1218\" height=\"851\" srcset=\"https:\/\/ipatc-ks.com\/wp-content\/uploads\/2021\/07\/autoservis-1.jpg 1200w, https:\/\/ipatc-ks.com\/wp-content\/uploads\/2021\/07\/autoservis-1-300x210.jpg 300w, https:\/\/ipatc-ks.com\/wp-content\/uploads\/2021\/07\/autoservis-1-1024x715.jpg 1024w, https:\/\/ipatc-ks.com\/wp-content\/uploads\/2021\/07\/autoservis-1-768x536.jpg 768w, https:\/\/ipatc-ks.com\/wp-content\/uploads\/2021\/07\/autoservis-1-600x419.jpg 600w\" sizes=\"(max-width: 1218px) 100vw, 1218px\" \/><\/p>\n<h2 style=\"border-left: 6px solid red; height: auto;\">&nbsp; Automekanik<\/h2>\n<p>Kursi p\u00ebr&nbsp;<strong>AUTOMEKANIK<\/strong>&nbsp;q\u00eb ne zhvillojm\u00eb p\u00ebrfshin n\u00eb program tre fushat e mekanik\u00ebs si: motorist, xhenerik dhe elektroauto.<br \/>\nTemat e programit t\u00eb k\u00ebtij kursi jan\u00eb t\u00eb shumta dhe kombinohen m\u00eb s\u00eb miri n\u00eb or\u00eb m\u00ebsimi teorie dhe praktike, t\u00eb cilat zhvillohen n\u00eb m\u00ebnyr\u00eb intensive p\u00ebr nj\u00eb vit pa nd\u00ebrprerje n\u00eb laborator\u00ebt tan\u00eb, ku kursant\u00ebt ushtrohen n\u00eb \u00e7montimin e t\u00eb gjitha pjes\u00ebve t\u00eb motorit t\u00eb makin\u00ebs, z\u00ebvend\u00ebsimin e tyre, gjetjen e defekteve, diagnostifikimin e automjetit, njohjen dhe \u00e7montimin e t\u00eb gjitha pjes\u00ebve xhenerike. Perve\u00e7 or\u00ebve t\u00eb teoris\u00eb dhe praktik\u00ebs, kursant\u00ebt tan\u00eb zhvillojn\u00eb nj\u00eb muaj praktik\u00eb profesionale n\u00eb serviset m\u00eb t\u00eb mir\u00eb n\u00eb vend, me t\u00eb cil\u00ebt ne kemi marr\u00ebveshje bashk\u00ebpunimi. T\u00eb gjitha k\u00ebto dhe jo vet\u00ebm, e b\u00ebjn\u00eb k\u00ebt\u00eb kurs shum\u00eb t\u00eb plot\u00eb dhe i mund\u00ebson kursant\u00ebve q\u00eb n\u00eb p\u00ebrfundim e tij, t\u00eb b\u00ebhen mekanik\u00eb t\u00eb zot\u00eb p\u00ebr t\u00eb kryer riparime t\u00eb ndryshme t\u00eb t\u00eb gjitha sistemeve t\u00eb makinave.<br \/>\nDoktori kujdeset p\u00ebr sh\u00ebndetin e njer\u00ebzve, mekaniku p\u00ebr sigurin\u00eb e jet\u00ebs s\u00eb tyre!<br \/>\n<a href=\"http:\/\/ipatc-ks.com\/?page_id=87\"><\/a><\/p>\n<p><a href=\"http:\/\/ipatc-ks.com\/?page_id=87\"><\/p>\n<h2 style=\"width: 350px; color: white; background-color: red; text-align: center;\">Regjistrohuni tani<\/h2>\n<p><\/a><a href=\"http:\/\/ipatc-ks.com\/?page_id=87\"><\/a><\/p>\n","protected":false},"excerpt":{"rendered":"<p>&nbsp; Automekanik Kursi p\u00ebr&nbsp;AUTOMEKANIK&nbsp;q\u00eb ne zhvillojm\u00eb p\u00ebrfshin n\u00eb program tre fushat e mekanik\u00ebs si: motorist, xhenerik dhe elektroauto. Temat e programit t\u00eb k\u00ebtij kursi jan\u00eb t\u00eb shumta dhe kombinohen m\u00eb s\u00eb miri n\u00eb or\u00eb m\u00ebsimi teorie dhe praktike, t\u00eb cilat &hellip; <\/p>\n","protected":false},"author":1,"featured_media":0,"parent":0,"menu_order":0,"comment_status":"closed","ping_status":"closed","template":"","meta":{"_bbp_topic_count":0,"_bbp_reply_count":0,"_bbp_total_topic_count":0,"_bbp_total_reply_count":0,"_bbp_voice_count":0,"_bbp_anonymous_reply_count":0,"_bbp_topic_count_hidden":0,"_bbp_reply_count_hidden":0,"_bbp_forum_subforum_count":0,"om_disable_all_campaigns":false,"pmpro_default_level":0,"_monsterinsights_skip_tracking":false,"_monsterinsights_sitenote_active":false,"_monsterinsights_sitenote_note":"","_monsterinsights_sitenote_category":0},"_links":{"self":[{"href":"https:\/\/ipatc-ks.com\/index.php?rest_route=\/wp\/v2\/pages\/11858"}],"collection":[{"href":"https:\/\/ipatc-ks.com\/index.php?rest_route=\/wp\/v2\/pages"}],"about":[{"href":"https:\/\/ipatc-ks.com\/index.php?rest_route=\/wp\/v2\/types\/page"}],"author":[{"embeddable":true,"href":"https:\/\/ipatc-ks.com\/index.php?rest_route=\/wp\/v2\/users\/1"}],"replies":[{"embeddable":true,"href":"https:\/\/ipatc-ks.com\/index.php?rest_route=%2Fwp%2Fv2%2Fcomments&post=11858"}],"version-history":[{"count":6,"href":"https:\/\/ipatc-ks.com\/index.php?rest_route=\/wp\/v2\/pages\/11858\/revisions"}],"predecessor-version":[{"id":11873,"href":"https:\/\/ipatc-ks.com\/index.php?rest_route=\/wp\/v2\/pages\/11858\/revisions\/11873"}],"wp:attachment":[{"href":"https:\/\/ipatc-ks.com\/index.php?rest_route=%2Fwp%2Fv2%2Fmedia&parent=11858"}],"curies":[{"name":"wp","href":"https:\/\/api.w.org\/{rel}","templated":true}]}}