{"id":11844,"date":"2021-12-02T15:09:38","date_gmt":"2021-12-02T15:09:38","guid":{"rendered":"http:\/\/ipatc-ks.com\/?page_id=11844"},"modified":"2021-12-02T17:07:23","modified_gmt":"2021-12-02T17:07:23","slug":"pasticer","status":"publish","type":"page","link":"https:\/\/ipatc-ks.com\/?page_id=11844","title":{"rendered":"Pasti\u00e7er"},"content":{"rendered":"<p>[vc_row][vc_column][vc_column_text]<\/p>\n<p><img decoding=\"async\" loading=\"lazy\" class=\"aligncenter wp-image-11562 size-full\" src=\"http:\/\/ipatc-ks.com\/wp-content\/uploads\/2021\/11\/pasticer-1.jpg\" alt=\"\" width=\"1200\" height=\"787\" srcset=\"https:\/\/ipatc-ks.com\/wp-content\/uploads\/2021\/11\/pasticer-1.jpg 1200w, https:\/\/ipatc-ks.com\/wp-content\/uploads\/2021\/11\/pasticer-1-300x197.jpg 300w, https:\/\/ipatc-ks.com\/wp-content\/uploads\/2021\/11\/pasticer-1-1024x672.jpg 1024w, https:\/\/ipatc-ks.com\/wp-content\/uploads\/2021\/11\/pasticer-1-768x504.jpg 768w, https:\/\/ipatc-ks.com\/wp-content\/uploads\/2021\/11\/pasticer-1-600x394.jpg 600w\" sizes=\"(max-width: 1200px) 100vw, 1200px\" \/><\/p>\n<h2 style=\"border-left: 6px solid red; height: auto;\">\u00a0 Pasti\u00e7er<\/h2>\n<p>Kursi profesional nj\u00eb vje\u00e7ar p\u00ebr\u00a0<strong>PASTI\u00c7ER<\/strong>\u00a0synon t\u00eb formoj\u00eb dhe t\u00eb kualifikoj\u00eb plot\u00ebsisht kursant\u00ebt n\u00eb k\u00ebt\u00eb fush\u00eb. Programi teorik dhe praktik ka p\u00ebr q\u00ebllim aft\u00ebsimin e kursant\u00ebve n\u00eb p\u00ebrgatitjen e tortave t\u00eb ndryshme, pastave, \u00ebmb\u00eblsirave, akulloreve etj. Kursant\u00ebve u jepet mund\u00ebsia gjat\u00eb nj\u00eb viti t\u00eb praktikojn\u00eb shum\u00eb lloje \u00ebmb\u00eblsirash n\u00eb laborator\u00ebt tan\u00eb, t\u00eb cil\u00ebt disponojn\u00eb t\u00eb gjitha pajisjet e nevojshme. P\u00ebr t\u00eb b\u00ebr\u00eb nj\u00eb \u00ebmb\u00eblsir\u00eb mjafton vet\u00ebm nj\u00eb frut i vet\u00ebm. Dhe, nd\u00ebrsa toka na ka dhuruar shum\u00eb lloje frutash me shije dhe ngjyra t\u00eb ndryshme, vet\u00ebm n\u00eb pasti\u00e7eri mund t\u00eb b\u00ebsh p\u00ebrzierjet e tyre p\u00ebr t\u00eb p\u00ebrgatitur \u00ebmb\u00eblsirat, t\u00eb cilave nuk ju reziston dot askush.<br \/>Pasti\u00e7er\u00ebt tan\u00eb jan\u00eb t\u00eb motivuar dhe angazhohen plot\u00ebsisht, me q\u00ebllim q\u00eb t\u00eb gjith\u00eb kursant\u00ebt t\u00eb p\u00ebrfundojn\u00eb kursin n\u00eb nivelet m\u00eb t\u00eb larta t\u00eb mundshme dhe direkt pas \u00e7ertifikimit pran\u00eb ATC, t\u00eb jen\u00eb t\u00eb aft\u00eb t\u00eb punojn\u00eb n\u00eb k\u00ebt\u00eb profesion si brenda ashtu edhe jasht\u00eb vendit. Ky \u00ebsht\u00eb nj\u00eb profesion shum\u00eb i bukur, i dashur p\u00ebr t\u00eb gjith\u00eb, madje edhe i \u00ebmb\u00ebl si vet\u00eb prodhimet e pasti\u00e7eris\u00eb. Jo \u00e7dokush mund t\u00eb b\u00ebhet PASTI\u00c7ER, \u00ebmb\u00eblsirat duhen b\u00ebr\u00eb me dashuri, ndryshe nuk dalin t\u00eb \u00ebmbla!<\/p>\n<p>&nbsp;<\/p>\n<p>&nbsp;<\/p>\n<p><a href=\"http:\/\/ipatc-ks.com\/?page_id=87\"><\/p>\n<h2 style=\"width: 350px; color: white; background-color: red; text-align: center;\">Regjistrohuni tani<\/h2>\n<p><\/a><\/p>\n<p>&nbsp;<\/p>\n<p>[\/vc_column_text][\/vc_column][\/vc_row]<\/p>\n","protected":false},"excerpt":{"rendered":"<p>[vc_row][vc_column][vc_column_text] \u00a0 Pasti\u00e7er Kursi profesional nj\u00eb vje\u00e7ar p\u00ebr\u00a0PASTI\u00c7ER\u00a0synon t\u00eb formoj\u00eb dhe t\u00eb kualifikoj\u00eb plot\u00ebsisht kursant\u00ebt n\u00eb k\u00ebt\u00eb fush\u00eb. Programi teorik dhe praktik ka p\u00ebr q\u00ebllim aft\u00ebsimin e kursant\u00ebve n\u00eb p\u00ebrgatitjen e tortave t\u00eb ndryshme, pastave, \u00ebmb\u00eblsirave, akulloreve etj. Kursant\u00ebve u &hellip; <\/p>\n","protected":false},"author":1,"featured_media":0,"parent":0,"menu_order":0,"comment_status":"closed","ping_status":"closed","template":"","meta":{"_bbp_topic_count":0,"_bbp_reply_count":0,"_bbp_total_topic_count":0,"_bbp_total_reply_count":0,"_bbp_voice_count":0,"_bbp_anonymous_reply_count":0,"_bbp_topic_count_hidden":0,"_bbp_reply_count_hidden":0,"_bbp_forum_subforum_count":0,"om_disable_all_campaigns":false,"pmpro_default_level":0,"_monsterinsights_skip_tracking":false,"_monsterinsights_sitenote_active":false,"_monsterinsights_sitenote_note":"","_monsterinsights_sitenote_category":0},"_links":{"self":[{"href":"https:\/\/ipatc-ks.com\/index.php?rest_route=\/wp\/v2\/pages\/11844"}],"collection":[{"href":"https:\/\/ipatc-ks.com\/index.php?rest_route=\/wp\/v2\/pages"}],"about":[{"href":"https:\/\/ipatc-ks.com\/index.php?rest_route=\/wp\/v2\/types\/page"}],"author":[{"embeddable":true,"href":"https:\/\/ipatc-ks.com\/index.php?rest_route=\/wp\/v2\/users\/1"}],"replies":[{"embeddable":true,"href":"https:\/\/ipatc-ks.com\/index.php?rest_route=%2Fwp%2Fv2%2Fcomments&post=11844"}],"version-history":[{"count":6,"href":"https:\/\/ipatc-ks.com\/index.php?rest_route=\/wp\/v2\/pages\/11844\/revisions"}],"predecessor-version":[{"id":11882,"href":"https:\/\/ipatc-ks.com\/index.php?rest_route=\/wp\/v2\/pages\/11844\/revisions\/11882"}],"wp:attachment":[{"href":"https:\/\/ipatc-ks.com\/index.php?rest_route=%2Fwp%2Fv2%2Fmedia&parent=11844"}],"curies":[{"name":"wp","href":"https:\/\/api.w.org\/{rel}","templated":true}]}}