{"id":11513,"date":"2021-09-01T09:27:44","date_gmt":"2021-09-01T09:27:44","guid":{"rendered":"http:\/\/ipatc-ks.com\/?page_id=11513"},"modified":"2021-09-01T09:31:56","modified_gmt":"2021-09-01T09:31:56","slug":"eipass-shendetesia-dixhitale","status":"publish","type":"page","link":"https:\/\/ipatc-ks.com\/?page_id=11513","title":{"rendered":"EIPASS Sh\u00ebndet\u00ebsia Dixhitale"},"content":{"rendered":"<h3><strong><img decoding=\"async\" loading=\"lazy\" class=\"alignnone  wp-image-11514\" src=\"http:\/\/ipatc-ks.com\/wp-content\/uploads\/2021\/09\/eipass_sanitadigitale-300x200.jpg\" alt=\"\" width=\"362\" height=\"241\" srcset=\"https:\/\/ipatc-ks.com\/wp-content\/uploads\/2021\/09\/eipass_sanitadigitale-300x200.jpg 300w, https:\/\/ipatc-ks.com\/wp-content\/uploads\/2021\/09\/eipass_sanitadigitale.jpg 420w\" sizes=\"(max-width: 362px) 100vw, 362px\" \/><\/strong><\/h3>\n<h3><strong>P\u00ebrmbajtja<\/strong><\/h3>\n<div id=\"panel10677864311\" class=\"panel\">\n<p>EIPASS Sh\u00ebndet\u00ebsia Dixhitale \u00ebsht\u00eb programi i certifikimit, q\u00eb ju lejon t\u00eb v\u00ebrtetoni zot\u00ebrimin e sigurt t\u00eb aft\u00ebsive kompjuterike thelb\u00ebsore p\u00ebr t\u00eb punuar m\u00eb mir\u00eb n\u00eb nj\u00eb sektor, si n\u00eb at\u00eb publik ashtu edhe n\u00eb at\u00eb privat, q\u00eb po kalon nj\u00eb faz\u00eb t\u00eb nevojshme modernizimi t\u00eb fort\u00eb dhe urgjent t\u00eb kompjuterizimit.<\/p>\n<p>Mbar\u00ebvajtja, sh\u00ebndeti dhe mir\u00ebq\u00ebnia jan\u00eb tregues me t\u00eb cil\u00ebt, mund t\u00eb vler\u00ebsojm\u00eb n\u00eb fakt standardet e jetes\u00ebs t\u00eb v\u00ebrtet\u00eb t\u00eb popullit dhe pastaj shkall\u00ebn e civilizimit t\u00eb nj\u00eb komuniteti.<\/p>\n<p>Teknologjia, informatika dhe telemjek\u00ebsia jan\u00eb instrumentat n\u00ebp\u00ebrmjet t\u00eb cilave \u00ebsht\u00eb i mundur ridizenjimi i sh\u00ebrbimit sh\u00ebndet\u00ebsor, p\u00ebr ta b\u00ebr\u00eb at\u00eb m\u00eb t\u00eb performuesh\u00ebm se m\u00eb par\u00eb:<br \/>\n1. T\u00eb p\u00ebrmir\u00ebsoj\u00eb sh\u00ebrbimet p\u00ebr qytetar\u00ebt<br \/>\n2. T\u00eb reduktoj\u00eb kostot<br \/>\n3. T\u00eb menaxhoj\u00eb sh\u00ebrbimet<\/p>\n<p>\u00cbsht\u00eb vler\u00ebsuar si nj\u00eb dixhitalizim i thell\u00eb i sistemit sh\u00ebndet\u00ebsor dhe p\u00ebrve\u00e7 p\u00ebrfitimeve praktike p\u00ebr qytetar\u00ebt do t\u00eb sillte dhe kursime t\u00eb konsiderueshme, q\u00eb arrijn\u00eb n\u00eb rreth 10% t\u00eb shpenzimeve t\u00eb tanishme.<\/p>\n<div class=\"description clearfix style-1\">\n<p>I ndar\u00eb n\u00eb kat\u00ebr module provimi, programi EIPASS Sanita Dixhitale \u00ebsht\u00eb p\u00ebrpunuar duke ndjekur udh\u00ebzimet e p\u00ebrcaktuara n\u00eb Axhend\u00ebs Dixhitale Evropiane:<\/p>\n<ul>\n<li>Dixhitalizimi dhe arkivimi i dokumentave. Moduli ekzaminon proceset e dixhitalizimit dhe arkivimin e dokumentave dhe m\u00ebnyrat p\u00ebr p\u00ebrdorimin dhe zbatimin elektronik q\u00eb lidhen me menaxhimin e tyre n\u00eb sektorin publik.<\/li>\n<li>Mbrojtja elektronike e t\u00eb dh\u00ebnave personale. T\u00eb dh\u00ebnat personale duhet t\u00eb jen\u00eb subjekt i mbrojtjes, ve\u00e7an\u00ebrisht n\u00eb sektorin e sh\u00ebndet\u00ebsis\u00eb. Moduli thellon \u00e7\u00ebshtjen e mbrojtjes teknike dhe ruajtjen e t\u00eb dh\u00ebnave personale nga ana e personelit sh\u00ebndet\u00ebsor p\u00ebrgjegj\u00ebs.<\/li>\n<li>Siguria kompjuterike dhe privat\u00ebsia e t\u00eb dh\u00ebnave sh\u00ebndet\u00ebsore. Moduli analizon strategjit\u00eb aktuale t\u00eb mbrojtjes dixhitale s\u00eb dokumentave dhe aksesit n\u00eb sh\u00ebrbime, p\u00ebr tu garantuar njerzve siguri dhe transparenc\u00eb.<\/li>\n<li>E-Sh\u00ebndet\u00ebsia: Zgjidhja dhe aplikacionet dixhitale n\u00eb sektorin e sh\u00ebndet\u00ebsis\u00eb. Moduli analizon dhe thellon kompetencat dixhitale me shpenzime direkte n\u00eb kontekstin e sh\u00ebndet\u00ebsis\u00eb. Operatori q\u00eb e zot\u00ebron, garanton nj\u00eb nivel t\u00eb lart\u00eb t\u00eb efikasitetit dhe profesionalizmit.<\/li>\n<\/ul>\n<\/div>\n<\/div>\n<p>&nbsp;<\/p>\n<h3><strong>Karakteristikat<\/strong><\/h3>\n<p>Pas p\u00ebrfundimit t\u00eb rrug\u00ebtimit t\u00eb certifikimit EIPASS Sh\u00ebndet\u00ebsia Dixhitale, profesionist\u00ebt e sh\u00ebndet\u00ebsis\u00eb do t\u00eb ken\u00eb fituar substrakte teknologjike-normative t\u00eb domosdoshme p\u00ebr t\u00eb kryer plot\u00ebsisht rolin e nj\u00eb elementi aktiv t\u00eb Administrat\u00ebs Publike.<br \/>\nN\u00eb fakt ato jan\u00eb anatomia dhe struktura e Sistemit t\u00eb Informacionit t\u00eb Sh\u00ebndet\u00ebsis\u00eb (SIS), roli i t\u00eb cilave u diskutua gjer\u00ebsisht, p\u00ebr t\u00eb transmetuar tek p\u00ebrdoruesit t\u00eb gjith\u00eb informacionin e nevojsh\u00ebm p\u00ebr t\u2019u b\u00ebr\u00eb operator efi\u04abent, kompetent dhe produktiv. \u00cbsht\u00eb e r\u00ebnd\u00ebsishme dhe p\u00ebr k\u00ebt\u00eb arsye referimet p\u00ebr mjetet e p\u00ebrditshme t\u00eb dematerializuara:<\/p>\n<ul>\n<li>N\u00ebnshkrimi elektronik<\/li>\n<li>Koha e stampimit<\/li>\n<li>PEC (Posta Elektronike e \u00c7ertifikuar)<\/li>\n<\/ul>\n<p>M\u00eb tej hulumton n\u00eb \u00e7\u00ebshtje q\u00eb lidhjen me legjislacionin e privat\u00ebsis\u00eb dhe q\u00eb aplikohen n\u00eb sistemet kompjuterike dhe t\u00eb siguris\u00eb dixhitale. Rruga e certifikimit merret dhe me \u00e7\u00ebshtjet e e-sh\u00ebndet\u00ebsis\u00eb, kompleksitetin e burimeve, zgjidhje t\u00eb rrjetit dhe teknologjive kompjuterike t\u00eb aplikuara p\u00ebr sh\u00ebndetin dhe kujdesin sh\u00ebndet\u00ebsor, p\u00ebr t\u00eb cilat ne do japim disa shembuj q\u00eb menj\u00ebher\u00eb t\u00eb japin iden\u00eb e nj\u00eb p\u00ebrfitimi dhe thjeshtimi dhe q\u00eb nj\u00eb sistem organik i organizuar n\u00eb m\u00ebnyr\u00eb q\u00eb ky sistem t\u00eb shkoj\u00eb n\u00eb \u04abdo qytetar dhe komunitet.<\/p>\n<ul>\n<li>Telemjek\u00ebsia konsiston n\u00eb kontaktet n\u00ebp\u00ebrmjet kompjuterit, mes pacientit dhe mjekut i cili n\u00eb k\u00ebt\u00eb rast nuk ka nevoj\u00eb p\u00ebr nj\u00eb vizit\u00eb n\u00eb pranin\u00eb e mjekut. Duke qen\u00eb gjithmon\u00eb n\u00eb kontakt aktiv n\u00eb internet n\u00eb raste t\u00eb tilla, pacient\u00ebt nuk jan\u00eb t\u00eb detyruar t\u00eb shkojn\u00eb n\u00eb studio dhe mjeku mund t\u00eb jap\u00eb k\u00ebshilla p\u00ebr nj\u00eb num\u00ebr m\u00eb t\u00eb madh njer\u00ebzish.<\/li>\n<li>Me t\u00eb dh\u00ebnat elektronike mjek\u00ebsore t\u00eb dh\u00ebnat e pacientit mund t\u00eb transferohen me leht\u00ebsi dhe menj\u00ebher\u00eb nd\u00ebrmjet profesionist\u00ebve n\u00eb fjal\u00eb (Mjek\u00ebve familjar\u00eb, specialist\u00ebve, ekipit t\u00eb kujdesit, farmacist\u00ebve).<\/li>\n<li>Me t\u00eb ashtuquajtur\u00ebn mjek\u00ebsi t\u00eb bazuar n\u00eb prova dhe efikasitetit, nj\u00eb profesionist i kujdesit sh\u00ebndet\u00ebsor vazhdimisht mund t\u00eb p\u00ebrdit\u00ebsoj\u00eb diagnozat e veta, duke verifikuar p\u00ebrpuethshm\u00ebrin\u00eb me hulumtimet e fundit shkencore.<\/li>\n<li>Ekipet sh\u00ebndet\u00ebsore virtuale jan\u00eb nj\u00eb grup profesionist\u00ebsh t\u00eb sh\u00ebndetit t\u00eb lidhur me nj\u00ebri-tjetrin n\u00ebp\u00ebrmjet p\u00ebrdorimit t\u00eb pajisjeve dixhitale, duke bashk\u00ebpunuar p\u00ebr t\u00eb ndar\u00eb informacione p\u00ebr pacient\u00ebt apo q\u00eb zgjidhin problemet s\u00eb bashku.<\/li>\n<\/ul>\n","protected":false},"excerpt":{"rendered":"<p>P\u00ebrmbajtja EIPASS Sh\u00ebndet\u00ebsia Dixhitale \u00ebsht\u00eb programi i certifikimit, q\u00eb ju lejon t\u00eb v\u00ebrtetoni zot\u00ebrimin e sigurt t\u00eb aft\u00ebsive kompjuterike thelb\u00ebsore p\u00ebr t\u00eb punuar m\u00eb mir\u00eb n\u00eb nj\u00eb sektor, si n\u00eb at\u00eb publik ashtu edhe n\u00eb at\u00eb privat, q\u00eb po kalon &hellip; <\/p>\n","protected":false},"author":1,"featured_media":11514,"parent":0,"menu_order":0,"comment_status":"closed","ping_status":"closed","template":"","meta":{"_bbp_topic_count":0,"_bbp_reply_count":0,"_bbp_total_topic_count":0,"_bbp_total_reply_count":0,"_bbp_voice_count":0,"_bbp_anonymous_reply_count":0,"_bbp_topic_count_hidden":0,"_bbp_reply_count_hidden":0,"_bbp_forum_subforum_count":0,"om_disable_all_campaigns":false,"pmpro_default_level":0,"_monsterinsights_skip_tracking":false,"_monsterinsights_sitenote_active":false,"_monsterinsights_sitenote_note":"","_monsterinsights_sitenote_category":0},"_links":{"self":[{"href":"https:\/\/ipatc-ks.com\/index.php?rest_route=\/wp\/v2\/pages\/11513"}],"collection":[{"href":"https:\/\/ipatc-ks.com\/index.php?rest_route=\/wp\/v2\/pages"}],"about":[{"href":"https:\/\/ipatc-ks.com\/index.php?rest_route=\/wp\/v2\/types\/page"}],"author":[{"embeddable":true,"href":"https:\/\/ipatc-ks.com\/index.php?rest_route=\/wp\/v2\/users\/1"}],"replies":[{"embeddable":true,"href":"https:\/\/ipatc-ks.com\/index.php?rest_route=%2Fwp%2Fv2%2Fcomments&post=11513"}],"version-history":[{"count":4,"href":"https:\/\/ipatc-ks.com\/index.php?rest_route=\/wp\/v2\/pages\/11513\/revisions"}],"predecessor-version":[{"id":11518,"href":"https:\/\/ipatc-ks.com\/index.php?rest_route=\/wp\/v2\/pages\/11513\/revisions\/11518"}],"wp:featuredmedia":[{"embeddable":true,"href":"https:\/\/ipatc-ks.com\/index.php?rest_route=\/wp\/v2\/media\/11514"}],"wp:attachment":[{"href":"https:\/\/ipatc-ks.com\/index.php?rest_route=%2Fwp%2Fv2%2Fmedia&parent=11513"}],"curies":[{"name":"wp","href":"https:\/\/api.w.org\/{rel}","templated":true}]}}